{"id":163,"date":"2018-09-13T09:34:01","date_gmt":"2018-09-13T14:34:01","guid":{"rendered":"http:\/\/barneysplace.net\/site\/?page_id=163"},"modified":"2020-03-17T15:27:34","modified_gmt":"2020-03-17T20:27:34","slug":"article-16","status":"publish","type":"page","link":"http:\/\/barneysplace.net\/site\/article-16\/","title":{"rendered":"Article 16"},"content":{"rendered":"<p style=\"text-align: center;\"><strong>BELIEF: AN OWNER\u2019S MANUAL<\/strong><br \/><strong>ARTICLE 16 <\/strong><br \/><strong>VIEWPOINT IN REASSURING BELIEFS<\/strong><\/p>\n<p>As we&#8217;ve learned, inattention to the viewpoints of informative beliefs can lead us to overlook the weaknesses of lower-viewpoint beliefs on which our higher-viewpoint beliefs depend. Disregarding such weaknesses can, in turn, lead believers to treat higher-viewpoint informative beliefs as more powerful and reliable than they are. This article will explain why the errors caused by neglecting the viewpoints of reassuring beliefs are even more consequential.<\/p>\n<p><strong>CONTRASTING ISSUES ADDRESSED BY INFORMATIVE AND REASSURING\u00a0 BELIEFS IN REALIST, ETHICAL, VISIONARY, AND QUEST AND COMMITMENT VIEWPOINTS<\/strong><\/p>\n<p>The issues reassuring beliefs address bear a superficial resemblance to those addressed by informative beliefs that share their viewpoints. However, while we look to informative beliefs to help us know, master, and love, we look to reassuring beliefs to help us feel safe, secure, competent, right, and righteous.<\/p>\n<p>Informative Realist Viewpoint beliefs attempt to answer the question, &#8220;What is?&#8221; By contrast, reassuring Realist Viewpoint beliefs attempt to answer such questions as\u00a0 &#8220;What &#8216;facts&#8217; would make me feel good about myself?&#8221; and &#8220;What &#8216;facts&#8221; would support moral judgments and other beliefs I find reassuring?&#8221;<\/p>\n<p>Informative Ethical Viewpoint beliefs attempt to answer the question, \u201cIs \u2018what is\u2019 good?\u201d By contrast, reassuring Ethical Viewpoint beliefs attempt to answer such questions as \u201cWhat moral and ethical judgments would make me feel good about myself?\u201d, \u201cWhat moral and ethical judgments support reassuring visions of perfection?\u201d and \u201cWhat moral and ethical judgments would most powerfully endorse my desire to see, do, and be whatever I wish?\u201d<\/p>\n<p>Informative Visionary Viewpoint beliefs attempt to answer the question, \u201cWhat would improvement or perfection look like?\u201d By contrast, reassuring Visionary Viewpoint beliefs attempt to answer such questions as \u201cWhat visions of improvement or perfection would make me feel good about myself?\u201d and \u201cWhat visions of improvement or perfection would justify complete commitment and complete freedom to act as I wish?\u201d<\/p>\n<p>Informative Quest and Commitment Viewpoint beliefs attempt to answer the question, \u201cWhat do my visions of improvement or perfection call upon me to do?\u201d By contrast, reassuring Quest and Commitment Viewpoint beliefs attempt to answer such questions as \u201cWhat goals would make me feel good about myself?\u201d and \u201cWhat goals would justify anything I might wish to do or be?\u201d<\/p>\n<p><strong>COMPLEMENTARY ISSUES ADDRESSED BY INFORMATIVE AND REASSURING BELIEFS IN THE EXISTENTIAL VIEWPOINT<\/strong><\/p>\n<p>The complementary functions of informative and reassuring beliefs are easiest to see in the Existential Viewpoint. Wholesome informative Existential Viewpoint beliefs help believers become accurate observers; thoughtful, caring judges of good and evil; inspired, creative and humble visionaries; and healers of the world who balance passion for what might be with reverence for what is. Such beliefs also help believers create and nurture relationships and forms of interaction that aid them in achieving\u00a0 those ends.<\/p>\n<p>Reassuring Existential Viewpoint beliefs, on the other hand, help believers distort data, evidence, and reason with abandon. Such beliefs also help believers create and sustain relationships and patterns of communication that help them deceive themselves, justify whatever they might wish to do, and consecrate whatever they might wish to be.<\/p>\n<p><strong>BIASES, VIEWPOINTS, AND SELF-FULFILLING PROPHESIES<\/strong><\/p>\n<p>Biases are often reassuring. Many persons find it comforting to blame outsiders for frustrations and failings for which they themselves are responsible. Similarly, many find it easier to dismiss infidels, critics, and dissenters as morally or intellectually flawed than to subject their own religious, social, and political opinions to objective examination. Some prejudices also comfort believers by portraying hatred as a virtue \u2013 i.e., as an indicator that one is right and righteous \u2013 and as a basis on which to identify and unite with other believers.<\/p>\n<p>Relationships between higher-viewpoint and lower-viewpoint beliefs we look to for\u00a0 reassurance differ from relationships between beliefs we look to for information. As you may recall, higher-viewpoint informative beliefs are grounded in \u2013 and depend on \u2013 relevant lower-viewpoint beliefs. You can\u2019t know whether what is, is good unless you know what is. Your vision of what might be better can\u2019t be worthwhile unless you have a thoroughgoing grasp of what\u2019s good, and so on.<\/p>\n<p>But when we seek reassurance, our higher-viewpoint beliefs are free of the constraints of that tidy hierarchy. If we value a reassuring belief that\u2019s proper to a specific viewpoint, we\u2019re likely to support it by modifying any and all related beliefs.\u00a0<\/p>\n<p>In the extreme, our biases may be so powerful that any set of data will lead us to the same reassuring conclusion. Take, for example, the way that those who embrace the reassuring Ethical Viewpoint belief of anti-Semitism interpret what appear, in their eyes, to be Informative Realist Viewpoint observations (i.e., facts). As Gustavo Perednik (2001, p. 26), (2017) observed, \u201cThe Jews were accused by the nationalists of being the creators of Communism; by the Communists of ruling Capitalism. If they live in non-Jewish countries, they are accused of double-loyalties; if they live in the Jewish country, of being racists. When they spend their money, they are reproached for being ostentatious; when they don&#8217;t spend their money, of being avaricious. They are called rootless cosmopolitans or hardened chauvinists. If they assimilate, they are accused of being fifth-columnists; if they don&#8217;t, of shutting themselves away.\u201d In other words, motivated by their desire to see Jews negatively, anti-Semites interpret whatever Jews do as pernicious.<\/p>\n<p>Similarly, as the pioneering American sociologist Robert Merton observed, individuals and groups may create circumstances that validate their prejudices while blinding themselves to their responsibility for doing so. In the groundbreaking article in which he described self-fulfilling prophesies, Merton noted that the view of African Americans as strikebreakers contributed to their exclusion from most labor unions &#8211; and the jobs those unions controlled &#8211; during the early 20th century. Such exclusion, he further noted, encouraged them to take advantage of strikes to obtain employment that was otherwise unavailable to them (Merton, 1948).<\/p>\n<p>Conversely, as observers of the human condition from Sartre (1943) to Festinger and his intellectual descendants (e.g., Tavris &amp; Aronson, 2007) have noted, we are all too likely to adopt beliefs that justify our decisions and actions, regardless how irrational or self-defeating. In the language of this website, the realities created by our lower-viewpoint beliefs and choices influence our choice of higher-viewpoint beliefs -particularly when we\u2019re seeking reassurance.<\/p>\n<p><strong>IMPLICATIONS OF THE MUTABILITY OF \u201cFACTS\u201d<\/strong><\/p>\n<p>The freedom which those who embrace a reassuring belief can alter related beliefs \u2013 and the ease with which those alterations can prompt further alterations \u2013 make it hard to pin down what reassuring beliefs tell us about ourselves and our needs. Before we can attempt to identify what a reassuring belief tells us about ourselves, we need to ask whether it serves another belief, and, if so, which?<\/p>\n<p>If a reassuring belief appears to serve its own purposes, those purposes are likely characteristic of its viewpoint. A critical examination of the process by which we arrived at that belief can also provide a partial answer to the question, \u201cWhich defense mechanisms, biases, oversights, and fallacies are capable of distortion our vision of reality?\u201d<\/p>\n<p>If the belief in question appears inspired and\/or shaped by another belief\u2019s need for support, its purposes likely include the viewpoint-specific needs of both the belief in question and the belief it serves. A critical examination of the processes by which we arrived at the belief in question and the belief or beliefs it supports can provide us with insight into the biases, fallacies, oversights, and defenses we employ when seeking reassurance.\u00a0<\/p>\n<p>Finally, as all informative beliefs \u2013 to the extent they are, in fact, informative \u2013 aid our attempts to be genuine, to create and sustain noetic relationships, and to facilitate open communication; all reassuring beliefs \u2013 to the extent they are reassuring \u2013 aid our attempts to distort data, evidence, and reason, and to create a sustain relationships and impose rules of communication that serve our needs for self-justification and self-deception.<\/p>\n<p><strong>IDENTIFYING ASSUMED VIEWPOINTS OF REASSURING BELIEFS<\/strong><\/p>\n<p>How can we determine the viewpoints we assume our reassuring beliefs to have? First, by identifying the decisions we\u2019ve made based on those beliefs. If those decisions have real and meaningful consequences, we likely assume the belief to be informative. Once we know that, we need only determine whether the decisions those beliefs have influenced.\u00a0 If those decisions are relevant to who we wish to be and how we wish to function, the belief is proper to the Existential Viewpoint.\u00a0 If those decisions are relevant to the nature of reality, the belief is proper to the Realist Viewpoint. If those decisions are relevant to the goodness or shortcomings of reality, the belief is proper to the Ethical Viewpoint. If those decisions are relevant to what improvement or perfection might look like, the belief is proper to the Visionary Viewpoint. And if those decisions are relevant to the actions our our tantalizing visions justify or demand, the belief is proper to the Quest and Commitment Viewpoint.<\/p>\n<p>If we\u2019ve made those decisions to buoy ourselves, we assume those beliefs to be reassuring. But even if we recognize a belief as reassuring, we are unlikely to assume that we are motivated to believe it by our need to buttress other beliefs. As such, we can usually determine the viewpoint we assume the belief occupies by determining the nature of the reassurance it itself provides.<\/p>\n<p>If you\u2019re aware that, despite their questionable implications, you embrace beliefs or values that help you (a) casually cherry-pick facts, (b) misrepresent data, (c) view fallacy as reason, or (d) forge relationships and rules of discourse that support your illusions you likely assume those beliefs or values to be reassuring and proper to the Existential Viewpoint. If you\u2019re aware that, despite their dubious accuracy, you embrace the \u201cfacts\u201d that a belief provides because they feel good, you likely assume it to be a Realist Viewpoint reassuring\u00a0 belief. If you\u2019re aware that, despite their dubious morality, you embrace the value judgments a belief inspires because you find them heartening, you likely assume the belief to be reassuring and proper to the Ethical Viewpoint. If you\u2019re aware that, despite their fancy and improbability, you treat the visions of improvement or perfection a belief inspires as certain, you likely assume it to be a Visionary Viewpoint reassuring belief. And if, although you realize that pursuit of your idyllic visions may be not only ineffective but harmful, you rush ahead, willfully blind to the dangers of your path, you likely assume the belief that inspires you to be reassuring and proper to the Viewpoint of Quest and Commitment.<\/p>\n<p><strong>SUMMARY<\/strong><\/p>\n<p>Why is it worthwhile to attend to the viewpoints of reassuring beliefs? First, because absent that attention, we are likely to rely on reassuring beliefs for guidance they cannot provide. We are likely to assume that they can help us understand reality and achieve our goals, although they&#8217;re incapable of either. Attention to the viewpoints of our reassuring beliefs can render our expectations more realistic.<\/p>\n<p>Second, because absent that attention, we are unlikely to recognize or reflect on the warped values and falsehoods they lead us to accept. Absent such attention and reflection, even our best-intended actions and decisions are likely to be ineffective or destructive. Attention to the viewpoints of our reassuring beliefs inevitably provokes critical examination of our standards and perceptions.<\/p>\n<p>And finally, because absent attention to the ways that reassuring beliefs create factual and moral \u201ctruth,\u201d the unwary believer is likely to be blind the fact that such \u201ctruths\u201d are illusions. Such blindness can lead believers to act with implacable and unmerited confidence, boldly implementing ineffectual plans and righteously causing suffering. To attend to the viewpoints of our reassuring beliefs is to recognize their power to distort assumptions, data, and values and, by so doing, to liberate ourselves, if only partially, from their spell.<\/p>\n<p style=\"text-align: center;\"><span style=\"color: #808080;\">EXERCISE 16<\/span><br \/><span style=\"color: #808080;\">INCREASING YOUR SENSITIVITY TO THE CONSEQUENCES<\/span><br \/><span style=\"color: #808080;\">OF FAILING TO ATTEND\u00a0<\/span><br \/><span style=\"color: #808080;\">TO THE VIEWPOINTS OF REASSURING BELIEFS<\/span><\/p>\n<p><span style=\"color: #808080;\">1. Identify one or more beliefs that guide you in each of the areas below. Suggested areas from which to draw beliefs are:<\/span><\/p>\n<p style=\"padding-left: 30px;\"><span style=\"color: #808080;\">\u2022 where you find joy<\/span><br \/><span style=\"color: #808080;\">\u2022 where you find meaning and purpose<\/span><br \/><span style=\"color: #808080;\">\u2022 your view of others \u2013 especially those whose views differ from your own<\/span><br \/><span style=\"color: #808080;\">\u2022 your personal life<\/span><br \/><span style=\"color: #808080;\">\u2022 your vocational\/professional life<\/span><br \/><span style=\"color: #808080;\">\u2022 advice\/guidance you offer others<\/span><br \/><span style=\"color: #808080;\">\u2022 political positions you advocate<\/span><\/p>\n<p><span style=\"color: #808080;\">2. Choose five or more reassuring beliefs you rely on for guidance and are interested in examining. At least one of these beliefs (and preferably at least two) should be proper to each viewpoint. If you have not already done so, use the questionnaire found in Exercise 7A to ensure that those beliefs are, in fact, reassuring.<\/span><\/p>\n<p><span style=\"color: #808080;\">3. Print the appropriate number of copies of the tool below.<\/span><\/p>\n<p><span style=\"color: #808080;\">4. Write each belief in the space containing the sentence stem, \u201cI believe that . . .\u201d.<\/span><\/p>\n<p><span style=\"color: #808080;\">5. Keeping the pertinent belief in mind, answer each of the questions in \u201cA Tool to Help You Increase Your Sensitivity to the Consequences of Inattention to the Viewpoints of Reassuring Beliefs,\u201d below.<\/span><\/p>\n<p style=\"text-align: center;\"><span style=\"color: #808080;\"><strong>A TOOL TO HELP YOU INCREASE YOUR SENSITIVITY<\/strong><\/span><br \/><span style=\"color: #808080;\"><strong>TO THE CONSEQUENCES OF<\/strong><\/span><br \/><span style=\"color: #808080;\"><strong>INATTENTION TO THE VIEWPOINTS OF REASSURING BELIEFS<\/strong><\/span><\/p>\n<p><span style=\"color: #808080;\"><strong>I believe that . .<\/strong> .<\/span><\/p>\n<p><span style=\"color: #808080;\">1) If the belief above is proper to the Existential Viewpoint<\/span><\/p>\n<p style=\"padding-left: 30px;\"><span style=\"color: #808080;\">a) How does the belief in question make you feel?<\/span><\/p>\n<p style=\"padding-left: 30px;\"><span style=\"color: #808080;\">b) What does the belief in question free you to do or be?<\/span><\/p>\n<p style=\"padding-left: 30px;\"><span style=\"color: #808080;\">c) Does the belief in question encourage you to<\/span><\/p>\n<p style=\"padding-left: 60px;\"><span style=\"color: #808080;\">i) avoid \u201cinconvenient\u201d data. If so, how?<\/span><\/p>\n<p style=\"padding-left: 60px;\"><span style=\"color: #808080;\">ii) alter data? If so, how?<\/span><\/p>\n<p style=\"padding-left: 60px;\"><span style=\"color: #808080;\">iii) interpret data in a biased manner? If so, how?<\/span><\/p>\n<p style=\"padding-left: 60px;\"><span style=\"color: #808080;\">iv) violate laws of logic? If so, how?<\/span><\/p>\n<p style=\"padding-left: 60px;\"><span style=\"color: #808080;\">v) employ other defense mechanisms? If so, which?<\/span><\/p>\n<p><span style=\"color: #808080;\">d) Are you aware of other effects the above belief has on your functioning? If so, what are they?<\/span><\/p>\n<p><span style=\"color: #808080;\">2) If the above belief is proper to the Realist, Ethical, Visionary, or Quest and Commitment Viewpoint,<\/span><\/p>\n<p style=\"padding-left: 30px;\"><span style=\"color: #808080;\">a. identify the actions you have taken or suspect you\u2019d would be willing to take under the influence of that belief. Describe the confidence with which you\u2019ve acted.<\/span><\/p>\n<p style=\"padding-left: 30px;\"><span style=\"color: #808080;\">b. identify some lower-viewpoint beliefs that you suspect you\u2019ve modified to provide support for \u2013 or render them consistent with \u2013 the belief in question. What questions do those modifications raise about the validity of the higher-viewpoint belief?<\/span><\/p>\n<p style=\"padding-left: 30px;\"><span style=\"color: #808080;\">c. If the belief in question were wrong, what would some probable consequences of acting on it be?<\/span><\/p>\n<p style=\"padding-left: 30px;\"><span style=\"color: #808080;\">d. Is the confidence you described when answering \u201c2) a\u201d above justifiable? If not, why not?<\/span><\/p>\n<p><span style=\"color: #808080;\">3) If you believed the opposite, how might your answers to the above questions differ?<\/span><\/p>\n<p><span style=\"color: #808080;\">4) What thoughts and feelings did you become aware of while doing this exercise?<\/span><\/p>\n<p style=\"text-align: center;\"><span style=\"color: #000000;\"><strong>REFERENCES<\/strong><\/span><\/p>\n<p>Merton, R. K. (1948). The Self-Fulfilling Prophesy. The Antioch Review, 198-210.<\/p>\n<p>Perednik, G. (2001). La Judeofobia: C\u00f3mo y Cu\u00e1ndo Nace, D\u00f3nde y Por Qu\u00e9 Pervive), p. 26. Barcelona: Flor del Viento Ediciones.<\/p>\n<p>Perednik, G. (2017, November 2). Judeophobia &#8211; Anti-Semitism, Jew-Hate and anti-&#8220;Zionism&#8221;. Retrieved from Zionism and Israel Information Center: http:\/\/www.zionism-israel.com\/his\/judeophobia.htm<\/p>\n<p>Sartre, J.-P. (1943). Being and Nothingness. New York: Simon and Schuster.<\/p>\n<p>Tavris, C., &amp; Aronson, E. (2007). Mistakes Were Made (but not by me). New York: Houghton Mifflin Harcourt.<\/p>\n\n\n<p><\/p>\n","protected":false},"excerpt":{"rendered":"<p>BELIEF: AN OWNER\u2019S MANUALARTICLE 16 VIEWPOINT IN REASSURING BELIEFS As we&#8217;ve learned, inattention to the viewpoints of informative beliefs can lead us to overlook the weaknesses of lower-viewpoint beliefs on which our higher-viewpoint beliefs depend. Disregarding such weaknesses can, in turn, lead believers to treat higher-viewpoint informative beliefs as more powerful and reliable than they &hellip; <a href=\"http:\/\/barneysplace.net\/site\/article-16\/\" class=\"more-link\">Continue reading<span class=\"screen-reader-text\"> &#8220;Article 16&#8221;<\/span><\/a><\/p>\n","protected":false},"author":1,"featured_media":0,"parent":0,"menu_order":0,"comment_status":"open","ping_status":"closed","template":"","meta":{"_exactmetrics_skip_tracking":false,"_exactmetrics_sitenote_active":false,"_exactmetrics_sitenote_note":"","_exactmetrics_sitenote_category":0,"footnotes":""},"class_list":["post-163","page","type-page","status-publish","hentry"],"_links":{"self":[{"href":"http:\/\/barneysplace.net\/site\/wp-json\/wp\/v2\/pages\/163","targetHints":{"allow":["GET"]}}],"collection":[{"href":"http:\/\/barneysplace.net\/site\/wp-json\/wp\/v2\/pages"}],"about":[{"href":"http:\/\/barneysplace.net\/site\/wp-json\/wp\/v2\/types\/page"}],"author":[{"embeddable":true,"href":"http:\/\/barneysplace.net\/site\/wp-json\/wp\/v2\/users\/1"}],"replies":[{"embeddable":true,"href":"http:\/\/barneysplace.net\/site\/wp-json\/wp\/v2\/comments?post=163"}],"version-history":[{"count":17,"href":"http:\/\/barneysplace.net\/site\/wp-json\/wp\/v2\/pages\/163\/revisions"}],"predecessor-version":[{"id":957,"href":"http:\/\/barneysplace.net\/site\/wp-json\/wp\/v2\/pages\/163\/revisions\/957"}],"wp:attachment":[{"href":"http:\/\/barneysplace.net\/site\/wp-json\/wp\/v2\/media?parent=163"}],"curies":[{"name":"wp","href":"https:\/\/api.w.org\/{rel}","templated":true}]}}